{"id":10,"date":"2024-11-02T12:40:47","date_gmt":"2024-11-02T12:40:47","guid":{"rendered":"https:\/\/gigatechcloud.es\/?page_id=10"},"modified":"2025-04-21T07:21:17","modified_gmt":"2025-04-21T07:21:17","slug":"about-us","status":"publish","type":"page","link":"https:\/\/gigatechcloud.es\/index.php\/about-us\/","title":{"rendered":"Nosotros"},"content":{"rendered":"\n<div class=\"wp-block-media-text alignwide is-stacked-on-mobile is-vertically-aligned-center is-image-fill-element has-light-background-color has-background\"><figure class=\"wp-block-media-text__media\"><img loading=\"lazy\" decoding=\"async\" width=\"1024\" height=\"683\" src=\"https:\/\/gigatechcloud.es\/wp-content\/uploads\/2024\/11\/programming-background-with-person-working-with-codes-computer-1024x683.jpg\" alt=\"\" class=\"wp-image-57 size-full\" style=\"object-position:50% 50%\" srcset=\"https:\/\/gigatechcloud.es\/wp-content\/uploads\/2024\/11\/programming-background-with-person-working-with-codes-computer-1024x683.jpg 1024w, https:\/\/gigatechcloud.es\/wp-content\/uploads\/2024\/11\/programming-background-with-person-working-with-codes-computer-300x200.jpg 300w, https:\/\/gigatechcloud.es\/wp-content\/uploads\/2024\/11\/programming-background-with-person-working-with-codes-computer-768x512.jpg 768w, https:\/\/gigatechcloud.es\/wp-content\/uploads\/2024\/11\/programming-background-with-person-working-with-codes-computer-1536x1024.jpg 1536w, https:\/\/gigatechcloud.es\/wp-content\/uploads\/2024\/11\/programming-background-with-person-working-with-codes-computer-2048x1365.jpg 2048w, https:\/\/gigatechcloud.es\/wp-content\/uploads\/2024\/11\/programming-background-with-person-working-with-codes-computer-1140x760.jpg 1140w\" sizes=\"auto, (max-width: 1024px) 100vw, 1024px\" \/><\/figure><div class=\"wp-block-media-text__content\">\n<div style=\"height:20px\" aria-hidden=\"true\" class=\"wp-block-spacer\"><\/div>\n\n\n\n<div class=\"wp-block-group is-layout-constrained wp-container-core-group-is-layout-fcc72f54 wp-block-group-is-layout-constrained\" style=\"padding-top:var(--wp--preset--spacing--60);padding-right:var(--wp--preset--spacing--50);padding-bottom:var(--wp--preset--spacing--60);padding-left:var(--wp--preset--spacing--50)\">\n<h2 class=\"wp-block-heading has-huge-font-size\">Expertos en BD Oracle <\/h2>\n\n\n\n<p class=\"mt-2 mb-2 has-normal-font-size\">Somos una empresa con sede en Zaragoza, formada por un equipo de profesionales apasionados por la tecnolog\u00eda. Con m\u00e1s de 20 a\u00f1os de experiencia en la administraci\u00f3n de bases de datos Oracle, nos especializamos en ofrecer soluciones tecnol\u00f3gicas avanzadas.<\/p>\n\n\n\n<p class=\"mt-2 mb-2 has-normal-font-size\">A lo largo de nuestra trayectoria, hemos brindado soporte a empresas de alto nivel en sectores clave, gestionando entornos complejos y cr\u00edticos. Hemos participado activamente en el dise\u00f1o e implementaci\u00f3n de soluciones personalizadas que optimizan y se adaptan a las necesidades espec\u00edficas de cada cliente.<\/p>\n\n\n\n<div class=\"wp-block-columns is-layout-flex wp-container-core-columns-is-layout-9d6595d7 wp-block-columns-is-layout-flex\">\n<div class=\"wp-block-column is-layout-flow wp-block-column-is-layout-flow\">\n<h3 class=\"wp-block-heading\" style=\"margin-top:0px;margin-right:0px;margin-bottom:0px;margin-left:0px\">20+ a\u00f1os<\/h3>\n\n\n\n<p>Dedicados a la administraci\u00f3n de BBDD Oracle<\/p>\n<\/div>\n\n\n\n<div class=\"wp-block-column is-layout-flow wp-block-column-is-layout-flow\">\n<h3 class=\"wp-block-heading\" style=\"margin-top:0px;margin-right:0px;margin-bottom:0px;margin-left:0px\">24\/7<\/h3>\n\n\n\n<p>Enfocados en lograr los objetivos de nuestros clientes<\/p>\n<\/div>\n\n\n\n<div class=\"wp-block-column is-layout-flow wp-block-column-is-layout-flow\">\n<h3 class=\"wp-block-heading\" style=\"margin-top:0px;margin-right:0px;margin-bottom:0px;margin-left:0px\">100%<\/h3>\n\n\n\n<p>Compromiso y profesionalidad<\/p>\n<\/div>\n<\/div>\n<\/div>\n<\/div><\/div>\n\n\n\n<div style=\"height:100px\" aria-hidden=\"true\" class=\"wp-block-spacer\"><\/div>\n\n\n\n<hr class=\"wp-block-separator has-alpha-channel-opacity is-style-wide\"\/>\n\n\n\n<p><\/p>\n","protected":false},"excerpt":{"rendered":"","protected":false},"author":1,"featured_media":0,"parent":0,"menu_order":0,"comment_status":"closed","ping_status":"closed","template":"","meta":{"footnotes":""},"class_list":["post-10","page","type-page","status-publish","hentry","no-post-thumbnail"],"_links":{"self":[{"href":"https:\/\/gigatechcloud.es\/index.php\/wp-json\/wp\/v2\/pages\/10","targetHints":{"allow":["GET"]}}],"collection":[{"href":"https:\/\/gigatechcloud.es\/index.php\/wp-json\/wp\/v2\/pages"}],"about":[{"href":"https:\/\/gigatechcloud.es\/index.php\/wp-json\/wp\/v2\/types\/page"}],"author":[{"embeddable":true,"href":"https:\/\/gigatechcloud.es\/index.php\/wp-json\/wp\/v2\/users\/1"}],"replies":[{"embeddable":true,"href":"https:\/\/gigatechcloud.es\/index.php\/wp-json\/wp\/v2\/comments?post=10"}],"version-history":[{"count":11,"href":"https:\/\/gigatechcloud.es\/index.php\/wp-json\/wp\/v2\/pages\/10\/revisions"}],"predecessor-version":[{"id":185,"href":"https:\/\/gigatechcloud.es\/index.php\/wp-json\/wp\/v2\/pages\/10\/revisions\/185"}],"wp:attachment":[{"href":"https:\/\/gigatechcloud.es\/index.php\/wp-json\/wp\/v2\/media?parent=10"}],"curies":[{"name":"wp","href":"https:\/\/api.w.org\/{rel}","templated":true}]}}