{"id":11,"date":"2024-11-02T12:40:47","date_gmt":"2024-11-02T12:40:47","guid":{"rendered":"https:\/\/gigatechcloud.es\/?page_id=11"},"modified":"2025-04-21T07:22:23","modified_gmt":"2025-04-21T07:22:23","slug":"services","status":"publish","type":"page","link":"https:\/\/gigatechcloud.es\/index.php\/services\/","title":{"rendered":"Servicios"},"content":{"rendered":"\n<div class=\"wp-block-group  pt-1 pb-1 is-layout-flow wp-block-group-is-layout-flow\">\n<h2 class=\"wp-block-heading has-text-align-center mb-05 has-xxl-font-size\">Cat\u00e1logo de Servicios<\/h2>\n\n\n\n<p class=\"has-text-align-center has-normal-font-size\">Presentamos un cat\u00e1logo detallado de las principales soluciones de Oracle, ideal para empresas que buscan mejorar la eficiencia y seguridad en la administraci\u00f3n de sus datos<\/p>\n\n\n\n<hr class=\"wp-block-separator has-css-opacity center mt-2 mb-2\"\/>\n<\/div>\n\n\n\n<div class=\"wp-block-columns gap-60 is-layout-flex wp-container-core-columns-is-layout-9d6595d7 wp-block-columns-is-layout-flex\">\n<div class=\"wp-block-column is-layout-flow wp-block-column-is-layout-flow\" style=\"flex-basis:33.33%\">\n<figure class=\"wp-block-image size-large\"><img loading=\"lazy\" decoding=\"async\" width=\"1024\" height=\"683\" src=\"https:\/\/gigatechcloud.es\/wp-content\/uploads\/2024\/11\/cloud-storage-background-business-network-design-1024x683.jpg\" alt=\"\" class=\"wp-image-53\" srcset=\"https:\/\/gigatechcloud.es\/wp-content\/uploads\/2024\/11\/cloud-storage-background-business-network-design-1024x683.jpg 1024w, https:\/\/gigatechcloud.es\/wp-content\/uploads\/2024\/11\/cloud-storage-background-business-network-design-300x200.jpg 300w, https:\/\/gigatechcloud.es\/wp-content\/uploads\/2024\/11\/cloud-storage-background-business-network-design-768x512.jpg 768w, https:\/\/gigatechcloud.es\/wp-content\/uploads\/2024\/11\/cloud-storage-background-business-network-design-1536x1024.jpg 1536w, https:\/\/gigatechcloud.es\/wp-content\/uploads\/2024\/11\/cloud-storage-background-business-network-design-2048x1365.jpg 2048w, https:\/\/gigatechcloud.es\/wp-content\/uploads\/2024\/11\/cloud-storage-background-business-network-design-1140x760.jpg 1140w\" sizes=\"auto, (max-width: 1024px) 100vw, 1024px\" \/><\/figure>\n\n\n\n<p class=\"is-style-small-text mb-0 mt-3\"><mark style=\"background-color:rgba(0, 0, 0, 0)\" class=\"has-inline-color has-main-color\">ORACLE DATABASE<\/mark><\/p>\n\n\n\n<h3 class=\"wp-block-heading mt-0\">El mejor SGBD del mercado<\/h3>\n\n\n\n<p>Oracle Database es una plataforma avanzada para el manejo de bases de datos relacionales y no relacionales, dise\u00f1ada para almacenar y gestionar grandes vol\u00famenes de datos de manera eficiente.<\/p>\n\n\n\n<div class=\"wp-block-buttons is-layout-flex wp-block-buttons-is-layout-flex\">\n<div class=\"wp-block-button\"><a class=\"wp-block-button__link wp-element-button\" href=\"https:\/\/gigatechcloud.es\/index.php\/oracle_database\/\">Conoce m\u00e1s<\/a><\/div>\n<\/div>\n<\/div>\n\n\n\n<div class=\"wp-block-column is-layout-flow wp-block-column-is-layout-flow\" style=\"flex-basis:33.33%\">\n<figure class=\"wp-block-image size-large\"><img loading=\"lazy\" decoding=\"async\" width=\"1024\" height=\"683\" src=\"https:\/\/gigatechcloud.es\/wp-content\/uploads\/2024\/11\/global-business-internet-network-connection-iot-internet-things-business-intelligence-concept-busines-global-network-futuristic-technology-background-ai-generative-1024x683.jpg\" alt=\"\" class=\"wp-image-56\" srcset=\"https:\/\/gigatechcloud.es\/wp-content\/uploads\/2024\/11\/global-business-internet-network-connection-iot-internet-things-business-intelligence-concept-busines-global-network-futuristic-technology-background-ai-generative-1024x683.jpg 1024w, https:\/\/gigatechcloud.es\/wp-content\/uploads\/2024\/11\/global-business-internet-network-connection-iot-internet-things-business-intelligence-concept-busines-global-network-futuristic-technology-background-ai-generative-300x200.jpg 300w, https:\/\/gigatechcloud.es\/wp-content\/uploads\/2024\/11\/global-business-internet-network-connection-iot-internet-things-business-intelligence-concept-busines-global-network-futuristic-technology-background-ai-generative-768x512.jpg 768w, https:\/\/gigatechcloud.es\/wp-content\/uploads\/2024\/11\/global-business-internet-network-connection-iot-internet-things-business-intelligence-concept-busines-global-network-futuristic-technology-background-ai-generative-1536x1024.jpg 1536w, https:\/\/gigatechcloud.es\/wp-content\/uploads\/2024\/11\/global-business-internet-network-connection-iot-internet-things-business-intelligence-concept-busines-global-network-futuristic-technology-background-ai-generative-2048x1366.jpg 2048w, https:\/\/gigatechcloud.es\/wp-content\/uploads\/2024\/11\/global-business-internet-network-connection-iot-internet-things-business-intelligence-concept-busines-global-network-futuristic-technology-background-ai-generative-1140x760.jpg 1140w\" sizes=\"auto, (max-width: 1024px) 100vw, 1024px\" \/><\/figure>\n\n\n\n<p class=\"is-style-small-text mb-0 mt-3\"><mark style=\"background-color:rgba(0, 0, 0, 0)\" class=\"has-inline-color has-main-color\">ORACLE CLOUD INFRASTRCTURE<\/mark><\/p>\n\n\n\n<h3 class=\"wp-block-heading mt-0\">Nube privada<\/h3>\n\n\n\n<p>Esta soluci\u00f3n de Oracle ofrece servicios en la nube para bases de datos, proporcionando la flexibilidad de un entorno de nube con las capacidades avanzadas de Oracle Database.<\/p>\n\n\n\n<div class=\"wp-block-buttons is-layout-flex wp-block-buttons-is-layout-flex\">\n<div class=\"wp-block-button\"><a class=\"wp-block-button__link wp-element-button\" href=\"https:\/\/gigatechcloud.es\/index.php\/oci\/\">Conoce m\u00e1s<\/a><\/div>\n<\/div>\n<\/div>\n\n\n\n<div class=\"wp-block-column is-layout-flow wp-block-column-is-layout-flow\" style=\"flex-basis:33.33%\">\n<figure class=\"wp-block-image size-large\"><img loading=\"lazy\" decoding=\"async\" width=\"1024\" height=\"683\" src=\"https:\/\/gigatechcloud.es\/wp-content\/uploads\/2024\/11\/programming-background-with-person-working-with-codes-computer-1024x683.jpg\" alt=\"\" class=\"wp-image-57\" srcset=\"https:\/\/gigatechcloud.es\/wp-content\/uploads\/2024\/11\/programming-background-with-person-working-with-codes-computer-1024x683.jpg 1024w, https:\/\/gigatechcloud.es\/wp-content\/uploads\/2024\/11\/programming-background-with-person-working-with-codes-computer-300x200.jpg 300w, https:\/\/gigatechcloud.es\/wp-content\/uploads\/2024\/11\/programming-background-with-person-working-with-codes-computer-768x512.jpg 768w, https:\/\/gigatechcloud.es\/wp-content\/uploads\/2024\/11\/programming-background-with-person-working-with-codes-computer-1536x1024.jpg 1536w, https:\/\/gigatechcloud.es\/wp-content\/uploads\/2024\/11\/programming-background-with-person-working-with-codes-computer-2048x1365.jpg 2048w, https:\/\/gigatechcloud.es\/wp-content\/uploads\/2024\/11\/programming-background-with-person-working-with-codes-computer-1140x760.jpg 1140w\" sizes=\"auto, (max-width: 1024px) 100vw, 1024px\" \/><\/figure>\n\n\n\n<p class=\"is-style-small-text mb-0 mt-3\"><mark style=\"background-color:rgba(0, 0, 0, 0)\" class=\"has-inline-color has-main-color\">ORACLE APEX<\/mark><\/p>\n\n\n\n<h3 class=\"wp-block-heading mt-0\">Soluciones con Oracle Apex<\/h3>\n\n\n\n<p>Oracle Application Express (APEX) es una plataforma de desarrollo de aplicaciones low-code que permite crear aplicaciones web seguras, escalables y altamente funcionales sobre Oracle Database.<\/p>\n\n\n\n<div class=\"wp-block-buttons is-layout-flex wp-block-buttons-is-layout-flex\">\n<div class=\"wp-block-button\"><a class=\"wp-block-button__link wp-element-button\" href=\"https:\/\/gigatechcloud.es\/index.php\/apex\/\">Conoce m\u00e1s<\/a><\/div>\n<\/div>\n<\/div>\n<\/div>\n\n\n\n<div style=\"height:100px\" aria-hidden=\"true\" class=\"wp-block-spacer\"><\/div>\n\n\n\n<div class=\"wp-block-group has-light-background-color has-background is-layout-constrained wp-container-core-group-is-layout-4c63e973 wp-block-group-is-layout-constrained\" style=\"border-radius:8px;padding-top:var(--wp--preset--spacing--60);padding-right:var(--wp--preset--spacing--60);padding-bottom:var(--wp--preset--spacing--60);padding-left:var(--wp--preset--spacing--60)\">\n<div class=\"wp-block-columns is-layout-flex wp-container-core-columns-is-layout-9d6595d7 wp-block-columns-is-layout-flex\">\n<div class=\"wp-block-column is-layout-flow wp-block-column-is-layout-flow\">\n<h4 class=\"wp-block-heading is-style-small-text has-main-color has-text-color has-link-color wp-elements-30ace8bde74b9e00d2e38f0adc87fa13\" style=\"margin-top:0;margin-bottom:0\">ACTUALIZACIONES ORACLE <\/h4>\n\n\n\n<h2 class=\"wp-block-heading\" style=\"margin-top:var(--wp--preset--spacing--20);margin-bottom:var(--wp--preset--spacing--60)\">Migraciones de BBDD Oracle<\/h2>\n\n\n\n<p>Somos expertos en migraciones de bases de datos Oracle a las versiones m\u00e1s recientes, permiti\u00e9ndole aprovechar al m\u00e1ximo las nuevas funcionalidades y disfrutar del soporte a largo plazo que ofrece el fabricante.<\/p>\n\n\n\n<p>Tanto si desea actualizar sus bases de datos on-premise como si est\u00e1 considerando migrarlas a la nube, le brindamos asesoramiento especializado y acompa\u00f1amos a su equipo a lo largo de todo el proceso, garantizando una transici\u00f3n eficiente y sin contratiempos.<\/p>\n\n\n\n<div class=\"wp-block-buttons is-layout-flex wp-block-buttons-is-layout-flex\" style=\"margin-top:var(--wp--preset--spacing--70)\">\n<div class=\"wp-block-button\"><a class=\"wp-block-button__link wp-element-button\" href=\"#\">Conoce m\u00e1s<\/a><\/div>\n<\/div>\n<\/div>\n\n\n\n<div class=\"wp-block-column is-layout-flow wp-block-column-is-layout-flow\">\n<div class=\"wp-block-group is-layout-grid wp-container-core-group-is-layout-9623da6b wp-block-group-is-layout-grid\">\n<div class=\"wp-block-cover has-custom-content-position is-position-bottom-left\" style=\"min-height:220px;aspect-ratio:unset;\"><img decoding=\"async\" class=\"wp-block-cover__image-background wp-image-45\" alt=\"\" src=\"https:\/\/gigatechcloud.es\/wp-content\/themes\/exs-logistics\/assets\/img\/port.jpg\" data-object-fit=\"cover\"\/><span aria-hidden=\"true\" class=\"wp-block-cover__background has-background-dim\"><\/span><div class=\"wp-block-cover__inner-container is-layout-constrained wp-block-cover-is-layout-constrained\">\n<h4 class=\"wp-block-heading has-text-color has-link-color wp-elements-97bd9acd3879a1b41a96fbf01e518ad1\" style=\"color:#ffffff\"><\/h4>\n<\/div><\/div>\n\n\n\n<div class=\"wp-block-cover has-custom-content-position is-position-bottom-left\" style=\"min-height:220px;aspect-ratio:unset;\"><img decoding=\"async\" class=\"wp-block-cover__image-background wp-image-46\" alt=\"\" src=\"https:\/\/gigatechcloud.es\/wp-content\/themes\/exs-logistics\/assets\/img\/port.jpg\" data-object-fit=\"cover\"\/><span aria-hidden=\"true\" class=\"wp-block-cover__background has-background-dim\"><\/span><div class=\"wp-block-cover__inner-container is-layout-constrained wp-block-cover-is-layout-constrained\">\n<h4 class=\"wp-block-heading has-text-color has-link-color wp-elements-97bd9acd3879a1b41a96fbf01e518ad1\" style=\"color:#ffffff\"><\/h4>\n<\/div><\/div>\n\n\n\n<div class=\"wp-block-cover is-light has-custom-content-position is-position-bottom-left\" style=\"min-height:220px;aspect-ratio:unset;\"><img decoding=\"async\" class=\"wp-block-cover__image-background wp-image-47\" alt=\"\" src=\"https:\/\/gigatechcloud.es\/wp-content\/themes\/exs-logistics\/assets\/img\/port.jpg\" data-object-fit=\"cover\"\/><span aria-hidden=\"true\" class=\"wp-block-cover__background has-background-dim\"><\/span><div class=\"wp-block-cover__inner-container is-layout-constrained wp-block-cover-is-layout-constrained\">\n<h4 class=\"wp-block-heading has-text-color has-link-color wp-elements-97bd9acd3879a1b41a96fbf01e518ad1\" style=\"color:#ffffff\"><\/h4>\n<\/div><\/div>\n\n\n\n<div class=\"wp-block-cover is-light has-custom-content-position is-position-bottom-left\" style=\"min-height:220px;aspect-ratio:unset;\"><img decoding=\"async\" class=\"wp-block-cover__image-background wp-image-48\" alt=\"\" src=\"https:\/\/gigatechcloud.es\/wp-content\/themes\/exs-logistics\/assets\/img\/port.jpg\" data-object-fit=\"cover\"\/><span aria-hidden=\"true\" class=\"wp-block-cover__background has-background-dim\"><\/span><div class=\"wp-block-cover__inner-container is-layout-constrained wp-block-cover-is-layout-constrained\">\n<h4 class=\"wp-block-heading has-text-color has-link-color wp-elements-97bd9acd3879a1b41a96fbf01e518ad1\" style=\"color:#ffffff\"><\/h4>\n<\/div><\/div>\n<\/div>\n<\/div>\n<\/div>\n<\/div>\n\n\n\n<p><\/p>\n","protected":false},"excerpt":{"rendered":"<p>Cat\u00e1logo de Servicios Presentamos un cat\u00e1logo detallado de las principales soluciones de Oracle, ideal para empresas que buscan mejorar la<span class=\"more-dots\">&#8230;<\/span><\/p>\n","protected":false},"author":1,"featured_media":0,"parent":0,"menu_order":0,"comment_status":"closed","ping_status":"closed","template":"","meta":{"footnotes":""},"class_list":["post-11","page","type-page","status-publish","hentry","no-post-thumbnail"],"_links":{"self":[{"href":"https:\/\/gigatechcloud.es\/index.php\/wp-json\/wp\/v2\/pages\/11","targetHints":{"allow":["GET"]}}],"collection":[{"href":"https:\/\/gigatechcloud.es\/index.php\/wp-json\/wp\/v2\/pages"}],"about":[{"href":"https:\/\/gigatechcloud.es\/index.php\/wp-json\/wp\/v2\/types\/page"}],"author":[{"embeddable":true,"href":"https:\/\/gigatechcloud.es\/index.php\/wp-json\/wp\/v2\/users\/1"}],"replies":[{"embeddable":true,"href":"https:\/\/gigatechcloud.es\/index.php\/wp-json\/wp\/v2\/comments?post=11"}],"version-history":[{"count":18,"href":"https:\/\/gigatechcloud.es\/index.php\/wp-json\/wp\/v2\/pages\/11\/revisions"}],"predecessor-version":[{"id":186,"href":"https:\/\/gigatechcloud.es\/index.php\/wp-json\/wp\/v2\/pages\/11\/revisions\/186"}],"wp:attachment":[{"href":"https:\/\/gigatechcloud.es\/index.php\/wp-json\/wp\/v2\/media?parent=11"}],"curies":[{"name":"wp","href":"https:\/\/api.w.org\/{rel}","templated":true}]}}