{"id":67,"date":"2024-11-03T07:47:03","date_gmt":"2024-11-03T07:47:03","guid":{"rendered":"https:\/\/gigatechcloud.es\/?page_id=67"},"modified":"2024-11-23T17:14:10","modified_gmt":"2024-11-23T17:14:10","slug":"oracle_database","status":"publish","type":"page","link":"https:\/\/gigatechcloud.es\/index.php\/oracle_database\/","title":{"rendered":"Oracle Database"},"content":{"rendered":"\n<h2 class=\"wp-block-heading has-text-align-center mb-05 has-xxl-font-size\">Oracle Database<\/h2>\n\n\n\n<p class=\"has-text-align-center has-normal-font-size\">M\u00e1s de 20 a\u00f1os de experiencia enfocados en las bbdd Oracle.<\/p>\n\n\n\n<div class=\"wp-block-group has-light-background-color has-background is-layout-constrained wp-container-core-group-is-layout-4c63e973 wp-block-group-is-layout-constrained\" style=\"border-radius:8px;padding-top:var(--wp--preset--spacing--60);padding-right:var(--wp--preset--spacing--60);padding-bottom:var(--wp--preset--spacing--60);padding-left:var(--wp--preset--spacing--60)\">\n<div class=\"wp-block-columns is-layout-flex wp-container-core-columns-is-layout-9d6595d7 wp-block-columns-is-layout-flex\">\n<div class=\"wp-block-column is-layout-flow wp-block-column-is-layout-flow\">\n<h4 class=\"wp-block-heading is-style-small-text has-main-color has-text-color has-link-color wp-elements-b7af2a944754dc9402711aca14cfa2fd\" style=\"margin-top:0;margin-bottom:0\">DDBB<\/h4>\n\n\n\n<h2 class=\"wp-block-heading\" style=\"margin-top:var(--wp--preset--spacing--20);margin-bottom:var(--wp--preset--spacing--60)\">Oracle Database<\/h2>\n\n\n\n<p>Oracle Database es un SGBD avanzado para el manejo de bases de datos relacionales y no relacionales, dise\u00f1ado para almacenar y gestionar grandes vol\u00famenes de datos de manera eficiente.<\/p>\n\n\n\n<p><strong>Caracter\u00edsticas principales<\/strong>:<\/p>\n\n\n\n<p>Funciones de automatizaci\u00f3n para respaldo, recuperaci\u00f3n y seguridad.<\/p>\n\n\n\n<p>Alta escalabilidad y rendimiento.<\/p>\n\n\n\n<p>Opciones de despliegue en la nube, on-premise o h\u00edbrido.<\/p>\n<\/div>\n\n\n\n<div class=\"wp-block-column is-layout-flow wp-block-column-is-layout-flow\">\n<div class=\"wp-block-group is-layout-grid wp-container-core-group-is-layout-9623da6b wp-block-group-is-layout-grid\">\n<div class=\"wp-block-cover has-custom-content-position is-position-bottom-left wp-container-content-d9325c00\" style=\"min-height:355px;aspect-ratio:unset;\"><span aria-hidden=\"true\" class=\"wp-block-cover__background has-background-dim\" style=\"background-color:#384e63\"><\/span><img loading=\"lazy\" decoding=\"async\" width=\"2560\" height=\"1707\" class=\"wp-block-cover__image-background wp-image-57\" alt=\"\" src=\"https:\/\/gigatechcloud.es\/wp-content\/uploads\/2024\/11\/programming-background-with-person-working-with-codes-computer-scaled.jpg\" data-object-fit=\"cover\" srcset=\"https:\/\/gigatechcloud.es\/wp-content\/uploads\/2024\/11\/programming-background-with-person-working-with-codes-computer-scaled.jpg 2560w, https:\/\/gigatechcloud.es\/wp-content\/uploads\/2024\/11\/programming-background-with-person-working-with-codes-computer-300x200.jpg 300w, https:\/\/gigatechcloud.es\/wp-content\/uploads\/2024\/11\/programming-background-with-person-working-with-codes-computer-1024x683.jpg 1024w, https:\/\/gigatechcloud.es\/wp-content\/uploads\/2024\/11\/programming-background-with-person-working-with-codes-computer-768x512.jpg 768w, https:\/\/gigatechcloud.es\/wp-content\/uploads\/2024\/11\/programming-background-with-person-working-with-codes-computer-1536x1024.jpg 1536w, https:\/\/gigatechcloud.es\/wp-content\/uploads\/2024\/11\/programming-background-with-person-working-with-codes-computer-2048x1365.jpg 2048w, https:\/\/gigatechcloud.es\/wp-content\/uploads\/2024\/11\/programming-background-with-person-working-with-codes-computer-1140x760.jpg 1140w\" sizes=\"auto, (max-width: 2560px) 100vw, 2560px\" \/><div class=\"wp-block-cover__inner-container is-layout-constrained wp-block-cover-is-layout-constrained\">\n<h4 class=\"wp-block-heading has-text-color has-link-color wp-elements-5942f872d018d5e74fecf23782996d61\" style=\"color:#ffffff\">Oracle Database<\/h4>\n<\/div><\/div>\n<\/div>\n<\/div>\n<\/div>\n<\/div>\n\n\n\n<p><\/p>\n\n\n\n<div class=\"wp-block-group has-light-background-color has-background is-layout-constrained wp-container-core-group-is-layout-4c63e973 wp-block-group-is-layout-constrained\" style=\"border-radius:8px;padding-top:var(--wp--preset--spacing--60);padding-right:var(--wp--preset--spacing--60);padding-bottom:var(--wp--preset--spacing--60);padding-left:var(--wp--preset--spacing--60)\">\n<div class=\"wp-block-columns is-layout-flex wp-container-core-columns-is-layout-9d6595d7 wp-block-columns-is-layout-flex\">\n<div class=\"wp-block-column is-layout-flow wp-block-column-is-layout-flow\">\n<h4 class=\"wp-block-heading is-style-small-text has-main-color has-text-color has-link-color wp-elements-b7af2a944754dc9402711aca14cfa2fd\" style=\"margin-top:0;margin-bottom:0\">DDBB<\/h4>\n\n\n\n<h2 class=\"wp-block-heading\" style=\"margin-top:var(--wp--preset--spacing--20);margin-bottom:var(--wp--preset--spacing--60)\">Oracle Exadata<\/h2>\n\n\n\n<p>Exadata es la plataforma m\u00e1s potente para ejecutar Oracle Database, optimizada para cargas de trabajo exigentes y aplicaciones cr\u00edticas de negocio.<br><strong>Caracter\u00edsticas principales<\/strong>:<\/p>\n\n\n\n<p>Optimizaci\u00f3n espec\u00edfica para Oracle Database y procesamiento de transacciones masivas.<\/p>\n\n\n\n<p>Arquitectura de alta disponibilidad y recuperaci\u00f3n ante fallos.<\/p>\n\n\n\n<p>Rendimiento avanzado con almacenamiento de alta velocidad.<\/p>\n<\/div>\n\n\n\n<div class=\"wp-block-column is-layout-flow wp-block-column-is-layout-flow\">\n<div class=\"wp-block-group is-layout-grid wp-container-core-group-is-layout-9623da6b wp-block-group-is-layout-grid\">\n<div class=\"wp-block-cover has-custom-content-position is-position-bottom-left wp-container-content-d9325c00\" style=\"min-height:355px;aspect-ratio:unset;\"><span aria-hidden=\"true\" class=\"wp-block-cover__background has-background-dim\" style=\"background-color:#384e63\"><\/span><img loading=\"lazy\" decoding=\"async\" width=\"2560\" height=\"1707\" class=\"wp-block-cover__image-background wp-image-57\" alt=\"\" src=\"https:\/\/gigatechcloud.es\/wp-content\/uploads\/2024\/11\/programming-background-with-person-working-with-codes-computer-scaled.jpg\" data-object-fit=\"cover\" srcset=\"https:\/\/gigatechcloud.es\/wp-content\/uploads\/2024\/11\/programming-background-with-person-working-with-codes-computer-scaled.jpg 2560w, https:\/\/gigatechcloud.es\/wp-content\/uploads\/2024\/11\/programming-background-with-person-working-with-codes-computer-300x200.jpg 300w, https:\/\/gigatechcloud.es\/wp-content\/uploads\/2024\/11\/programming-background-with-person-working-with-codes-computer-1024x683.jpg 1024w, https:\/\/gigatechcloud.es\/wp-content\/uploads\/2024\/11\/programming-background-with-person-working-with-codes-computer-768x512.jpg 768w, https:\/\/gigatechcloud.es\/wp-content\/uploads\/2024\/11\/programming-background-with-person-working-with-codes-computer-1536x1024.jpg 1536w, https:\/\/gigatechcloud.es\/wp-content\/uploads\/2024\/11\/programming-background-with-person-working-with-codes-computer-2048x1365.jpg 2048w, https:\/\/gigatechcloud.es\/wp-content\/uploads\/2024\/11\/programming-background-with-person-working-with-codes-computer-1140x760.jpg 1140w\" sizes=\"auto, (max-width: 2560px) 100vw, 2560px\" \/><div class=\"wp-block-cover__inner-container is-layout-constrained wp-block-cover-is-layout-constrained\">\n<h4 class=\"wp-block-heading has-text-color has-link-color wp-elements-5c3fe3fae0eda42eac2cd9f47f177664\" style=\"color:#ffffff\">Oracle Exadata<\/h4>\n<\/div><\/div>\n<\/div>\n<\/div>\n<\/div>\n<\/div>\n\n\n\n<p><\/p>\n\n\n\n<div class=\"wp-block-group has-light-background-color has-background is-layout-constrained wp-container-core-group-is-layout-4c63e973 wp-block-group-is-layout-constrained\" style=\"border-radius:8px;padding-top:var(--wp--preset--spacing--60);padding-right:var(--wp--preset--spacing--60);padding-bottom:var(--wp--preset--spacing--60);padding-left:var(--wp--preset--spacing--60)\">\n<div class=\"wp-block-columns is-layout-flex wp-container-core-columns-is-layout-9d6595d7 wp-block-columns-is-layout-flex\">\n<div class=\"wp-block-column is-layout-flow wp-block-column-is-layout-flow\">\n<h4 class=\"wp-block-heading is-style-small-text has-main-color has-text-color has-link-color wp-elements-b7af2a944754dc9402711aca14cfa2fd\" style=\"margin-top:0;margin-bottom:0\">DDBB<\/h4>\n\n\n\n<h2 class=\"wp-block-heading\" style=\"margin-top:var(--wp--preset--spacing--20);margin-bottom:var(--wp--preset--spacing--60)\">Oracle Real Application Clusters<\/h2>\n\n\n\n<p>Oracle RAC permite que m\u00faltiples servidores funcionen como un solo sistema de base de datos, aumentando la disponibilidad, escalabilidad y rendimiento de las aplicaciones.<br><strong>Caracter\u00edsticas principales<\/strong>:<\/p>\n\n\n\n<p>Escalabilidad sin interrupciones y administraci\u00f3n simplificada.<\/p>\n\n\n\n<p>Permite el procesamiento distribuido de cargas de trabajo.<\/p>\n\n\n\n<p>Proporciona una alta disponibilidad con failover autom\u00e1tico.<\/p>\n<\/div>\n\n\n\n<div class=\"wp-block-column is-layout-flow wp-block-column-is-layout-flow\">\n<div class=\"wp-block-group is-layout-grid wp-container-core-group-is-layout-9623da6b wp-block-group-is-layout-grid\">\n<div class=\"wp-block-cover has-custom-content-position is-position-bottom-left wp-container-content-d9325c00\" style=\"min-height:355px;aspect-ratio:unset;\"><span aria-hidden=\"true\" class=\"wp-block-cover__background has-background-dim\" style=\"background-color:#384e63\"><\/span><img loading=\"lazy\" decoding=\"async\" width=\"2560\" height=\"1707\" class=\"wp-block-cover__image-background wp-image-57\" alt=\"\" src=\"https:\/\/gigatechcloud.es\/wp-content\/uploads\/2024\/11\/programming-background-with-person-working-with-codes-computer-scaled.jpg\" data-object-fit=\"cover\" srcset=\"https:\/\/gigatechcloud.es\/wp-content\/uploads\/2024\/11\/programming-background-with-person-working-with-codes-computer-scaled.jpg 2560w, https:\/\/gigatechcloud.es\/wp-content\/uploads\/2024\/11\/programming-background-with-person-working-with-codes-computer-300x200.jpg 300w, https:\/\/gigatechcloud.es\/wp-content\/uploads\/2024\/11\/programming-background-with-person-working-with-codes-computer-1024x683.jpg 1024w, https:\/\/gigatechcloud.es\/wp-content\/uploads\/2024\/11\/programming-background-with-person-working-with-codes-computer-768x512.jpg 768w, https:\/\/gigatechcloud.es\/wp-content\/uploads\/2024\/11\/programming-background-with-person-working-with-codes-computer-1536x1024.jpg 1536w, https:\/\/gigatechcloud.es\/wp-content\/uploads\/2024\/11\/programming-background-with-person-working-with-codes-computer-2048x1365.jpg 2048w, https:\/\/gigatechcloud.es\/wp-content\/uploads\/2024\/11\/programming-background-with-person-working-with-codes-computer-1140x760.jpg 1140w\" sizes=\"auto, (max-width: 2560px) 100vw, 2560px\" \/><div class=\"wp-block-cover__inner-container is-layout-constrained wp-block-cover-is-layout-constrained\">\n<h4 class=\"wp-block-heading has-text-color has-link-color wp-elements-7a2170ed452477d13a55a950c10389a5\" style=\"color:#ffffff\">Oracle RAC<\/h4>\n<\/div><\/div>\n<\/div>\n<\/div>\n<\/div>\n<\/div>\n\n\n\n<p><\/p>\n\n\n\n<div class=\"wp-block-group has-light-background-color has-background is-layout-constrained wp-container-core-group-is-layout-4c63e973 wp-block-group-is-layout-constrained\" style=\"border-radius:8px;padding-top:var(--wp--preset--spacing--60);padding-right:var(--wp--preset--spacing--60);padding-bottom:var(--wp--preset--spacing--60);padding-left:var(--wp--preset--spacing--60)\">\n<div class=\"wp-block-columns is-layout-flex wp-container-core-columns-is-layout-9d6595d7 wp-block-columns-is-layout-flex\">\n<div class=\"wp-block-column is-layout-flow wp-block-column-is-layout-flow\">\n<h4 class=\"wp-block-heading is-style-small-text has-main-color has-text-color has-link-color wp-elements-b7af2a944754dc9402711aca14cfa2fd\" style=\"margin-top:0;margin-bottom:0\">DDBB<\/h4>\n\n\n\n<h2 class=\"wp-block-heading\" style=\"margin-top:var(--wp--preset--spacing--20);margin-bottom:var(--wp--preset--spacing--60)\">Oracle Data Guard<\/h2>\n\n\n\n<p>Esta soluci\u00f3n de protecci\u00f3n de datos asegura la continuidad de operaciones en caso de fallos del sistema, replicando bases de datos en ubicaciones secundarias para una r\u00e1pida recuperaci\u00f3n.<br><strong>Caracter\u00edsticas principales<\/strong>:<\/p>\n\n\n\n<p>Gesti\u00f3n simplificada y alta disponibilidad.<\/p>\n\n\n\n<p>Replica en tiempo real para respaldo inmediato.<\/p>\n\n\n\n<p>Protecci\u00f3n contra p\u00e9rdida de datos y recuperaci\u00f3n ante desastres.<\/p>\n<\/div>\n\n\n\n<div class=\"wp-block-column is-layout-flow wp-block-column-is-layout-flow\">\n<div class=\"wp-block-group is-layout-grid wp-container-core-group-is-layout-9623da6b wp-block-group-is-layout-grid\">\n<div class=\"wp-block-cover has-custom-content-position is-position-bottom-left wp-container-content-d9325c00\" style=\"min-height:355px;aspect-ratio:unset;\"><span aria-hidden=\"true\" class=\"wp-block-cover__background has-background-dim\" style=\"background-color:#384e63\"><\/span><img loading=\"lazy\" decoding=\"async\" width=\"2560\" height=\"1707\" class=\"wp-block-cover__image-background wp-image-57\" alt=\"\" src=\"https:\/\/gigatechcloud.es\/wp-content\/uploads\/2024\/11\/programming-background-with-person-working-with-codes-computer-scaled.jpg\" data-object-fit=\"cover\" srcset=\"https:\/\/gigatechcloud.es\/wp-content\/uploads\/2024\/11\/programming-background-with-person-working-with-codes-computer-scaled.jpg 2560w, https:\/\/gigatechcloud.es\/wp-content\/uploads\/2024\/11\/programming-background-with-person-working-with-codes-computer-300x200.jpg 300w, https:\/\/gigatechcloud.es\/wp-content\/uploads\/2024\/11\/programming-background-with-person-working-with-codes-computer-1024x683.jpg 1024w, https:\/\/gigatechcloud.es\/wp-content\/uploads\/2024\/11\/programming-background-with-person-working-with-codes-computer-768x512.jpg 768w, https:\/\/gigatechcloud.es\/wp-content\/uploads\/2024\/11\/programming-background-with-person-working-with-codes-computer-1536x1024.jpg 1536w, https:\/\/gigatechcloud.es\/wp-content\/uploads\/2024\/11\/programming-background-with-person-working-with-codes-computer-2048x1365.jpg 2048w, https:\/\/gigatechcloud.es\/wp-content\/uploads\/2024\/11\/programming-background-with-person-working-with-codes-computer-1140x760.jpg 1140w\" sizes=\"auto, (max-width: 2560px) 100vw, 2560px\" \/><div class=\"wp-block-cover__inner-container is-layout-constrained wp-block-cover-is-layout-constrained\">\n<h4 class=\"wp-block-heading has-text-color has-link-color wp-elements-76078844a27d327f4628442761d04b11\" style=\"color:#ffffff\">Oracle Data Guard<\/h4>\n<\/div><\/div>\n<\/div>\n<\/div>\n<\/div>\n<\/div>\n\n\n\n<p><\/p>\n","protected":false},"excerpt":{"rendered":"<p>Oracle Database M\u00e1s de 20 a\u00f1os de experiencia enfocados en las bbdd Oracle. DDBB Oracle Database Oracle Database es un<span class=\"more-dots\">&#8230;<\/span><\/p>\n","protected":false},"author":1,"featured_media":0,"parent":0,"menu_order":0,"comment_status":"closed","ping_status":"closed","template":"","meta":{"footnotes":""},"class_list":["post-67","page","type-page","status-publish","hentry","no-post-thumbnail"],"_links":{"self":[{"href":"https:\/\/gigatechcloud.es\/index.php\/wp-json\/wp\/v2\/pages\/67","targetHints":{"allow":["GET"]}}],"collection":[{"href":"https:\/\/gigatechcloud.es\/index.php\/wp-json\/wp\/v2\/pages"}],"about":[{"href":"https:\/\/gigatechcloud.es\/index.php\/wp-json\/wp\/v2\/types\/page"}],"author":[{"embeddable":true,"href":"https:\/\/gigatechcloud.es\/index.php\/wp-json\/wp\/v2\/users\/1"}],"replies":[{"embeddable":true,"href":"https:\/\/gigatechcloud.es\/index.php\/wp-json\/wp\/v2\/comments?post=67"}],"version-history":[{"count":9,"href":"https:\/\/gigatechcloud.es\/index.php\/wp-json\/wp\/v2\/pages\/67\/revisions"}],"predecessor-version":[{"id":95,"href":"https:\/\/gigatechcloud.es\/index.php\/wp-json\/wp\/v2\/pages\/67\/revisions\/95"}],"wp:attachment":[{"href":"https:\/\/gigatechcloud.es\/index.php\/wp-json\/wp\/v2\/media?parent=67"}],"curies":[{"name":"wp","href":"https:\/\/api.w.org\/{rel}","templated":true}]}}