{"id":76,"date":"2024-11-03T08:07:08","date_gmt":"2024-11-03T08:07:08","guid":{"rendered":"https:\/\/gigatechcloud.es\/?page_id=76"},"modified":"2024-11-03T08:10:01","modified_gmt":"2024-11-03T08:10:01","slug":"oci","status":"publish","type":"page","link":"https:\/\/gigatechcloud.es\/index.php\/oci\/","title":{"rendered":"oci"},"content":{"rendered":"\n<h2 class=\"wp-block-heading has-text-align-center mb-05 has-xxl-font-size\">Oracle Cloud Infrastructure<\/h2>\n\n\n\n<p class=\"has-text-align-center has-normal-font-size\">Oracle Cloud es una plataforma de servicios en la nube que ofrece soluciones completas para infraestructura, datos, desarrollo de aplicaciones y servicios integrados de inteligencia. Dise\u00f1ado para satisfacer las necesidades de organizaciones de todos los tama\u00f1os, Oracle Cloud permite modernizar y escalar operaciones de manera \u00e1gil y segura<\/p>\n\n\n\n<div class=\"wp-block-group has-light-background-color has-background is-layout-constrained wp-container-core-group-is-layout-4c63e973 wp-block-group-is-layout-constrained\" style=\"border-radius:8px;padding-top:var(--wp--preset--spacing--60);padding-right:var(--wp--preset--spacing--60);padding-bottom:var(--wp--preset--spacing--60);padding-left:var(--wp--preset--spacing--60)\">\n<div class=\"wp-block-columns is-layout-flex wp-container-core-columns-is-layout-9d6595d7 wp-block-columns-is-layout-flex\">\n<div class=\"wp-block-column is-layout-flow wp-block-column-is-layout-flow\">\n<h4 class=\"wp-block-heading is-style-small-text has-main-color has-text-color has-link-color wp-elements-d685f167e7253917868e6b82d0649a81\" style=\"margin-top:0;margin-bottom:0\">OCI<\/h4>\n\n\n\n<h2 class=\"wp-block-heading\" style=\"margin-top:var(--wp--preset--spacing--20);margin-bottom:var(--wp--preset--spacing--60)\">Oracle Cloud Infrastructure (OCI)<\/h2>\n\n\n\n<p>Oracle Cloud Infrastructure es la base de Oracle Cloud, proporcionando infraestructura como servicio (IaaS) con alta disponibilidad, rendimiento y seguridad. Ideal para la gesti\u00f3n de cargas de trabajo empresariales.<\/p>\n\n\n\n<p><br><strong>Caracter\u00edsticas principales<\/strong>:<\/p>\n\n\n\n<p>Opciones de despliegue flexible: nube p\u00fablica, privada e h\u00edbrida.<\/p>\n\n\n\n<p>Alto rendimiento y costo competitivo.<\/p>\n\n\n\n<p>Seguridad avanzada con capas de protecci\u00f3n de datos.<\/p>\n<\/div>\n\n\n\n<div class=\"wp-block-column is-layout-flow wp-block-column-is-layout-flow\">\n<div class=\"wp-block-group is-layout-grid wp-container-core-group-is-layout-9623da6b wp-block-group-is-layout-grid\">\n<div class=\"wp-block-cover has-custom-content-position is-position-bottom-left wp-container-content-d9325c00\" style=\"min-height:355px;aspect-ratio:unset;\"><span aria-hidden=\"true\" class=\"wp-block-cover__background has-background-dim\" style=\"background-color:#384e63\"><\/span><img loading=\"lazy\" decoding=\"async\" width=\"2560\" height=\"1707\" class=\"wp-block-cover__image-background wp-image-57\" alt=\"\" src=\"https:\/\/gigatechcloud.es\/wp-content\/uploads\/2024\/11\/programming-background-with-person-working-with-codes-computer-scaled.jpg\" data-object-fit=\"cover\" srcset=\"https:\/\/gigatechcloud.es\/wp-content\/uploads\/2024\/11\/programming-background-with-person-working-with-codes-computer-scaled.jpg 2560w, https:\/\/gigatechcloud.es\/wp-content\/uploads\/2024\/11\/programming-background-with-person-working-with-codes-computer-300x200.jpg 300w, https:\/\/gigatechcloud.es\/wp-content\/uploads\/2024\/11\/programming-background-with-person-working-with-codes-computer-1024x683.jpg 1024w, https:\/\/gigatechcloud.es\/wp-content\/uploads\/2024\/11\/programming-background-with-person-working-with-codes-computer-768x512.jpg 768w, https:\/\/gigatechcloud.es\/wp-content\/uploads\/2024\/11\/programming-background-with-person-working-with-codes-computer-1536x1024.jpg 1536w, https:\/\/gigatechcloud.es\/wp-content\/uploads\/2024\/11\/programming-background-with-person-working-with-codes-computer-2048x1365.jpg 2048w, https:\/\/gigatechcloud.es\/wp-content\/uploads\/2024\/11\/programming-background-with-person-working-with-codes-computer-1140x760.jpg 1140w\" sizes=\"auto, (max-width: 2560px) 100vw, 2560px\" \/><div class=\"wp-block-cover__inner-container is-layout-constrained wp-block-cover-is-layout-constrained\">\n<h4 class=\"wp-block-heading has-text-color has-link-color wp-elements-5901461ddd6c5a57d2ee9aa8d5c40b9c\" style=\"color:#ffffff\">OCI<\/h4>\n<\/div><\/div>\n<\/div>\n<\/div>\n<\/div>\n<\/div>\n\n\n\n<p><\/p>\n\n\n\n<div class=\"wp-block-group has-light-background-color has-background is-layout-constrained wp-container-core-group-is-layout-4c63e973 wp-block-group-is-layout-constrained\" style=\"border-radius:8px;padding-top:var(--wp--preset--spacing--60);padding-right:var(--wp--preset--spacing--60);padding-bottom:var(--wp--preset--spacing--60);padding-left:var(--wp--preset--spacing--60)\">\n<div class=\"wp-block-columns is-layout-flex wp-container-core-columns-is-layout-9d6595d7 wp-block-columns-is-layout-flex\">\n<div class=\"wp-block-column is-layout-flow wp-block-column-is-layout-flow\">\n<h4 class=\"wp-block-heading is-style-small-text has-main-color has-text-color has-link-color wp-elements-cf8a323faeef12be61808b4b57824431\" style=\"margin-top:0;margin-bottom:0\">OCI &#8211; DDBB<\/h4>\n\n\n\n<h2 class=\"wp-block-heading\" style=\"margin-top:var(--wp--preset--spacing--20);margin-bottom:var(--wp--preset--spacing--60)\">Oracle Autonomous Database<\/h2>\n\n\n\n<p>Un servicio de base de datos aut\u00f3nomo que administra, asegura y optimiza las bases de datos de forma autom\u00e1tica. Es ideal para quienes buscan una base de datos de alto rendimiento sin la necesidad de administraci\u00f3n manual.<\/p>\n\n\n\n<p><strong>Caracter\u00edsticas principales<\/strong>:<\/p>\n\n\n\n<p>Escalabilidad y elasticidad bajo demanda.<\/p>\n\n\n\n<p>Autoajuste, autoprotecci\u00f3n y autorreparaci\u00f3n.<\/p>\n\n\n\n<p>Desplegable para cargas de trabajo OLTP, anal\u00edtica y desarrollo de aplicaciones.<\/p>\n<\/div>\n\n\n\n<div class=\"wp-block-column is-layout-flow wp-block-column-is-layout-flow\">\n<div class=\"wp-block-group is-layout-grid wp-container-core-group-is-layout-9623da6b wp-block-group-is-layout-grid\">\n<div class=\"wp-block-cover has-custom-content-position is-position-bottom-left wp-container-content-d9325c00\" style=\"min-height:355px;aspect-ratio:unset;\"><span aria-hidden=\"true\" class=\"wp-block-cover__background has-background-dim\" style=\"background-color:#384e63\"><\/span><img loading=\"lazy\" decoding=\"async\" width=\"2560\" height=\"1707\" class=\"wp-block-cover__image-background wp-image-57\" alt=\"\" src=\"https:\/\/gigatechcloud.es\/wp-content\/uploads\/2024\/11\/programming-background-with-person-working-with-codes-computer-scaled.jpg\" data-object-fit=\"cover\" srcset=\"https:\/\/gigatechcloud.es\/wp-content\/uploads\/2024\/11\/programming-background-with-person-working-with-codes-computer-scaled.jpg 2560w, https:\/\/gigatechcloud.es\/wp-content\/uploads\/2024\/11\/programming-background-with-person-working-with-codes-computer-300x200.jpg 300w, https:\/\/gigatechcloud.es\/wp-content\/uploads\/2024\/11\/programming-background-with-person-working-with-codes-computer-1024x683.jpg 1024w, https:\/\/gigatechcloud.es\/wp-content\/uploads\/2024\/11\/programming-background-with-person-working-with-codes-computer-768x512.jpg 768w, https:\/\/gigatechcloud.es\/wp-content\/uploads\/2024\/11\/programming-background-with-person-working-with-codes-computer-1536x1024.jpg 1536w, https:\/\/gigatechcloud.es\/wp-content\/uploads\/2024\/11\/programming-background-with-person-working-with-codes-computer-2048x1365.jpg 2048w, https:\/\/gigatechcloud.es\/wp-content\/uploads\/2024\/11\/programming-background-with-person-working-with-codes-computer-1140x760.jpg 1140w\" sizes=\"auto, (max-width: 2560px) 100vw, 2560px\" \/><div class=\"wp-block-cover__inner-container is-layout-constrained wp-block-cover-is-layout-constrained\">\n<h4 class=\"wp-block-heading has-text-color has-link-color wp-elements-b9d2bb02c3f0043189508ff8f9438c5f\" style=\"color:#ffffff\">Autonomous Database<\/h4>\n<\/div><\/div>\n<\/div>\n<\/div>\n<\/div>\n<\/div>\n\n\n\n<p><\/p>\n\n\n\n<div class=\"wp-block-group has-light-background-color has-background is-layout-constrained wp-container-core-group-is-layout-4c63e973 wp-block-group-is-layout-constrained\" style=\"border-radius:8px;padding-top:var(--wp--preset--spacing--60);padding-right:var(--wp--preset--spacing--60);padding-bottom:var(--wp--preset--spacing--60);padding-left:var(--wp--preset--spacing--60)\">\n<div class=\"wp-block-columns is-layout-flex wp-container-core-columns-is-layout-9d6595d7 wp-block-columns-is-layout-flex\">\n<div class=\"wp-block-column is-layout-flow wp-block-column-is-layout-flow\">\n<h4 class=\"wp-block-heading is-style-small-text has-main-color has-text-color has-link-color wp-elements-cf8a323faeef12be61808b4b57824431\" style=\"margin-top:0;margin-bottom:0\">OCI &#8211; DDBB<\/h4>\n\n\n\n<h2 class=\"wp-block-heading\" style=\"margin-top:var(--wp--preset--spacing--20);margin-bottom:var(--wp--preset--spacing--60)\">Oracle Cloud Applications (SaaS)<\/h2>\n\n\n\n<p>Oracle ofrece una suite completa de aplicaciones empresariales en la nube, que incluyen ERP, HCM, CX y SCM, dise\u00f1adas para transformar y mejorar los procesos de negocio.<br><strong>Caracter\u00edsticas principales<\/strong>:<\/p>\n\n\n\n<p>Actualizaciones autom\u00e1ticas y funciones de seguridad avanzadas.<\/p>\n\n\n\n<p>Soluciones listas para la automatizaci\u00f3n de finanzas, recursos humanos, ventas, y cadena de suministro.<\/p>\n\n\n\n<p>Integraci\u00f3n y personalizaci\u00f3n para adaptarse a las necesidades empresariales.<\/p>\n<\/div>\n\n\n\n<div class=\"wp-block-column is-layout-flow wp-block-column-is-layout-flow\">\n<div class=\"wp-block-group is-layout-grid wp-container-core-group-is-layout-9623da6b wp-block-group-is-layout-grid\">\n<div class=\"wp-block-cover has-custom-content-position is-position-bottom-left wp-container-content-d9325c00\" style=\"min-height:355px;aspect-ratio:unset;\"><span aria-hidden=\"true\" class=\"wp-block-cover__background has-background-dim\" style=\"background-color:#384e63\"><\/span><img loading=\"lazy\" decoding=\"async\" width=\"2560\" height=\"1707\" class=\"wp-block-cover__image-background wp-image-57\" alt=\"\" src=\"https:\/\/gigatechcloud.es\/wp-content\/uploads\/2024\/11\/programming-background-with-person-working-with-codes-computer-scaled.jpg\" data-object-fit=\"cover\" srcset=\"https:\/\/gigatechcloud.es\/wp-content\/uploads\/2024\/11\/programming-background-with-person-working-with-codes-computer-scaled.jpg 2560w, https:\/\/gigatechcloud.es\/wp-content\/uploads\/2024\/11\/programming-background-with-person-working-with-codes-computer-300x200.jpg 300w, https:\/\/gigatechcloud.es\/wp-content\/uploads\/2024\/11\/programming-background-with-person-working-with-codes-computer-1024x683.jpg 1024w, https:\/\/gigatechcloud.es\/wp-content\/uploads\/2024\/11\/programming-background-with-person-working-with-codes-computer-768x512.jpg 768w, https:\/\/gigatechcloud.es\/wp-content\/uploads\/2024\/11\/programming-background-with-person-working-with-codes-computer-1536x1024.jpg 1536w, https:\/\/gigatechcloud.es\/wp-content\/uploads\/2024\/11\/programming-background-with-person-working-with-codes-computer-2048x1365.jpg 2048w, https:\/\/gigatechcloud.es\/wp-content\/uploads\/2024\/11\/programming-background-with-person-working-with-codes-computer-1140x760.jpg 1140w\" sizes=\"auto, (max-width: 2560px) 100vw, 2560px\" \/><div class=\"wp-block-cover__inner-container is-layout-constrained wp-block-cover-is-layout-constrained\">\n<h4 class=\"wp-block-heading has-text-color has-link-color wp-elements-73caa9884e6aaf784b37b77e510dab64\" style=\"color:#ffffff\">SaaS<\/h4>\n<\/div><\/div>\n<\/div>\n<\/div>\n<\/div>\n<\/div>\n\n\n\n<p><\/p>\n\n\n\n<div class=\"wp-block-group has-light-background-color has-background is-layout-constrained wp-container-core-group-is-layout-4c63e973 wp-block-group-is-layout-constrained\" style=\"border-radius:8px;padding-top:var(--wp--preset--spacing--60);padding-right:var(--wp--preset--spacing--60);padding-bottom:var(--wp--preset--spacing--60);padding-left:var(--wp--preset--spacing--60)\">\n<div class=\"wp-block-columns is-layout-flex wp-container-core-columns-is-layout-9d6595d7 wp-block-columns-is-layout-flex\">\n<div class=\"wp-block-column is-layout-flow wp-block-column-is-layout-flow\">\n<h4 class=\"wp-block-heading is-style-small-text has-main-color has-text-color has-link-color wp-elements-cf8a323faeef12be61808b4b57824431\" style=\"margin-top:0;margin-bottom:0\">OCI &#8211; DDBB<\/h4>\n\n\n\n<h2 class=\"wp-block-heading\" style=\"margin-top:var(--wp--preset--spacing--20);margin-bottom:var(--wp--preset--spacing--60)\">Oracle Kubernetes Engine (OKE)<\/h2>\n\n\n\n<p>Un servicio de Kubernetes gestionado que permite a los desarrolladores y administradores de TI implementar, gestionar y escalar aplicaciones en contenedores de manera sencilla y segura.<br><strong>Caracter\u00edsticas principales<\/strong>:<\/p>\n\n\n\n<p>Integraci\u00f3n con OCI para seguridad y monitoreo.<\/p>\n\n\n\n<p>Compatible con Kubernetes de c\u00f3digo abierto.<\/p>\n\n\n\n<p>Gesti\u00f3n simplificada de cl\u00fasteres y escalado autom\u00e1tico.<\/p>\n<\/div>\n\n\n\n<div class=\"wp-block-column is-layout-flow wp-block-column-is-layout-flow\">\n<div class=\"wp-block-group is-layout-grid wp-container-core-group-is-layout-9623da6b wp-block-group-is-layout-grid\">\n<div class=\"wp-block-cover has-custom-content-position is-position-bottom-left wp-container-content-d9325c00\" style=\"min-height:355px;aspect-ratio:unset;\"><span aria-hidden=\"true\" class=\"wp-block-cover__background has-background-dim\" style=\"background-color:#384e63\"><\/span><img loading=\"lazy\" decoding=\"async\" width=\"2560\" height=\"1707\" class=\"wp-block-cover__image-background wp-image-57\" alt=\"\" src=\"https:\/\/gigatechcloud.es\/wp-content\/uploads\/2024\/11\/programming-background-with-person-working-with-codes-computer-scaled.jpg\" data-object-fit=\"cover\" srcset=\"https:\/\/gigatechcloud.es\/wp-content\/uploads\/2024\/11\/programming-background-with-person-working-with-codes-computer-scaled.jpg 2560w, https:\/\/gigatechcloud.es\/wp-content\/uploads\/2024\/11\/programming-background-with-person-working-with-codes-computer-300x200.jpg 300w, https:\/\/gigatechcloud.es\/wp-content\/uploads\/2024\/11\/programming-background-with-person-working-with-codes-computer-1024x683.jpg 1024w, https:\/\/gigatechcloud.es\/wp-content\/uploads\/2024\/11\/programming-background-with-person-working-with-codes-computer-768x512.jpg 768w, https:\/\/gigatechcloud.es\/wp-content\/uploads\/2024\/11\/programming-background-with-person-working-with-codes-computer-1536x1024.jpg 1536w, https:\/\/gigatechcloud.es\/wp-content\/uploads\/2024\/11\/programming-background-with-person-working-with-codes-computer-2048x1365.jpg 2048w, https:\/\/gigatechcloud.es\/wp-content\/uploads\/2024\/11\/programming-background-with-person-working-with-codes-computer-1140x760.jpg 1140w\" sizes=\"auto, (max-width: 2560px) 100vw, 2560px\" \/><div class=\"wp-block-cover__inner-container is-layout-constrained wp-block-cover-is-layout-constrained\">\n<h4 class=\"wp-block-heading has-text-color has-link-color wp-elements-23ef192494b12125d0f6acad19e3d38a\" style=\"color:#ffffff\">OKE<\/h4>\n<\/div><\/div>\n<\/div>\n<\/div>\n<\/div>\n<\/div>\n\n\n\n<p><\/p>\n\n\n\n<div class=\"wp-block-group has-light-background-color has-background is-layout-constrained wp-container-core-group-is-layout-4c63e973 wp-block-group-is-layout-constrained\" style=\"border-radius:8px;padding-top:var(--wp--preset--spacing--60);padding-right:var(--wp--preset--spacing--60);padding-bottom:var(--wp--preset--spacing--60);padding-left:var(--wp--preset--spacing--60)\">\n<div class=\"wp-block-columns is-layout-flex wp-container-core-columns-is-layout-9d6595d7 wp-block-columns-is-layout-flex\">\n<div class=\"wp-block-column is-layout-flow wp-block-column-is-layout-flow\">\n<h4 class=\"wp-block-heading is-style-small-text has-main-color has-text-color has-link-color wp-elements-d685f167e7253917868e6b82d0649a81\" style=\"margin-top:0;margin-bottom:0\">OCI<\/h4>\n\n\n\n<h2 class=\"wp-block-heading\" style=\"margin-top:var(--wp--preset--spacing--20);margin-bottom:var(--wp--preset--spacing--60)\">Oracle Cloud Infrastructure Data Science<\/h2>\n\n\n\n<p>Esta plataforma permite a los cient\u00edficos de datos construir, entrenar y desplegar modelos de machine learning de manera colaborativa y escalable.<br><strong>Caracter\u00edsticas principales<\/strong>:<\/p>\n\n\n\n<p>Integraci\u00f3n con bases de datos y otros servicios en la nube.<\/p>\n\n\n\n<p>Entornos de trabajo colaborativos.<\/p>\n\n\n\n<p>Modelos preentrenados y herramientas de an\u00e1lisis predictivo.<\/p>\n<\/div>\n\n\n\n<div class=\"wp-block-column is-layout-flow wp-block-column-is-layout-flow\">\n<div class=\"wp-block-group is-layout-grid wp-container-core-group-is-layout-9623da6b wp-block-group-is-layout-grid\">\n<div class=\"wp-block-cover has-custom-content-position is-position-bottom-left wp-container-content-d9325c00\" style=\"min-height:355px;aspect-ratio:unset;\"><span aria-hidden=\"true\" class=\"wp-block-cover__background has-background-dim\" style=\"background-color:#384e63\"><\/span><img loading=\"lazy\" decoding=\"async\" width=\"2560\" height=\"1707\" class=\"wp-block-cover__image-background wp-image-57\" alt=\"\" src=\"https:\/\/gigatechcloud.es\/wp-content\/uploads\/2024\/11\/programming-background-with-person-working-with-codes-computer-scaled.jpg\" data-object-fit=\"cover\" srcset=\"https:\/\/gigatechcloud.es\/wp-content\/uploads\/2024\/11\/programming-background-with-person-working-with-codes-computer-scaled.jpg 2560w, https:\/\/gigatechcloud.es\/wp-content\/uploads\/2024\/11\/programming-background-with-person-working-with-codes-computer-300x200.jpg 300w, https:\/\/gigatechcloud.es\/wp-content\/uploads\/2024\/11\/programming-background-with-person-working-with-codes-computer-1024x683.jpg 1024w, https:\/\/gigatechcloud.es\/wp-content\/uploads\/2024\/11\/programming-background-with-person-working-with-codes-computer-768x512.jpg 768w, https:\/\/gigatechcloud.es\/wp-content\/uploads\/2024\/11\/programming-background-with-person-working-with-codes-computer-1536x1024.jpg 1536w, https:\/\/gigatechcloud.es\/wp-content\/uploads\/2024\/11\/programming-background-with-person-working-with-codes-computer-2048x1365.jpg 2048w, https:\/\/gigatechcloud.es\/wp-content\/uploads\/2024\/11\/programming-background-with-person-working-with-codes-computer-1140x760.jpg 1140w\" sizes=\"auto, (max-width: 2560px) 100vw, 2560px\" \/><div class=\"wp-block-cover__inner-container is-layout-constrained wp-block-cover-is-layout-constrained\">\n<h4 class=\"wp-block-heading has-text-color has-link-color wp-elements-69ae8bda60e78cedc7d84e3bffeeb3f9\" style=\"color:#ffffff\">Data Science<\/h4>\n<\/div><\/div>\n<\/div>\n<\/div>\n<\/div>\n<\/div>\n\n\n\n<p><\/p>\n\n\n\n<div class=\"wp-block-group has-light-background-color has-background is-layout-constrained wp-container-core-group-is-layout-4c63e973 wp-block-group-is-layout-constrained\" style=\"border-radius:8px;padding-top:var(--wp--preset--spacing--60);padding-right:var(--wp--preset--spacing--60);padding-bottom:var(--wp--preset--spacing--60);padding-left:var(--wp--preset--spacing--60)\">\n<div class=\"wp-block-columns is-layout-flex wp-container-core-columns-is-layout-9d6595d7 wp-block-columns-is-layout-flex\">\n<div class=\"wp-block-column is-layout-flow wp-block-column-is-layout-flow\">\n<h4 class=\"wp-block-heading is-style-small-text has-main-color has-text-color has-link-color wp-elements-cf8a323faeef12be61808b4b57824431\" style=\"margin-top:0;margin-bottom:0\">OCI &#8211; DDBB<\/h4>\n\n\n\n<h2 class=\"wp-block-heading\" style=\"margin-top:var(--wp--preset--spacing--20);margin-bottom:var(--wp--preset--spacing--60)\">Oracle Data Safe<\/h2>\n\n\n\n<p>Un servicio de seguridad de datos que ayuda a proteger, auditar y analizar datos en bases de datos Oracle, tanto en la nube como en entornos on-premise.<br><strong>Caracter\u00edsticas principales<\/strong>:<\/p>\n\n\n\n<p>Cumplimiento con regulaciones de privacidad y protecci\u00f3n de datos.<\/p>\n\n\n\n<p>Auditor\u00eda, evaluaci\u00f3n de seguridad y monitoreo de actividad.<\/p>\n\n\n\n<p>Clasificaci\u00f3n de datos sensibles y detecci\u00f3n de riesgos.<\/p>\n<\/div>\n\n\n\n<div class=\"wp-block-column is-layout-flow wp-block-column-is-layout-flow\">\n<div class=\"wp-block-group is-layout-grid wp-container-core-group-is-layout-9623da6b wp-block-group-is-layout-grid\">\n<div class=\"wp-block-cover has-custom-content-position is-position-bottom-left wp-container-content-d9325c00\" style=\"min-height:355px;aspect-ratio:unset;\"><span aria-hidden=\"true\" class=\"wp-block-cover__background has-background-dim\" style=\"background-color:#384e63\"><\/span><img loading=\"lazy\" decoding=\"async\" width=\"2560\" height=\"1707\" class=\"wp-block-cover__image-background wp-image-57\" alt=\"\" src=\"https:\/\/gigatechcloud.es\/wp-content\/uploads\/2024\/11\/programming-background-with-person-working-with-codes-computer-scaled.jpg\" data-object-fit=\"cover\" srcset=\"https:\/\/gigatechcloud.es\/wp-content\/uploads\/2024\/11\/programming-background-with-person-working-with-codes-computer-scaled.jpg 2560w, https:\/\/gigatechcloud.es\/wp-content\/uploads\/2024\/11\/programming-background-with-person-working-with-codes-computer-300x200.jpg 300w, https:\/\/gigatechcloud.es\/wp-content\/uploads\/2024\/11\/programming-background-with-person-working-with-codes-computer-1024x683.jpg 1024w, https:\/\/gigatechcloud.es\/wp-content\/uploads\/2024\/11\/programming-background-with-person-working-with-codes-computer-768x512.jpg 768w, https:\/\/gigatechcloud.es\/wp-content\/uploads\/2024\/11\/programming-background-with-person-working-with-codes-computer-1536x1024.jpg 1536w, https:\/\/gigatechcloud.es\/wp-content\/uploads\/2024\/11\/programming-background-with-person-working-with-codes-computer-2048x1365.jpg 2048w, https:\/\/gigatechcloud.es\/wp-content\/uploads\/2024\/11\/programming-background-with-person-working-with-codes-computer-1140x760.jpg 1140w\" sizes=\"auto, (max-width: 2560px) 100vw, 2560px\" \/><div class=\"wp-block-cover__inner-container is-layout-constrained wp-block-cover-is-layout-constrained\">\n<h4 class=\"wp-block-heading has-text-color has-link-color wp-elements-1b2d79b2aedbb2ea375924e04ccba6d2\" style=\"color:#ffffff\">Data Safe<\/h4>\n<\/div><\/div>\n<\/div>\n<\/div>\n<\/div>\n<\/div>\n\n\n\n<p><\/p>\n","protected":false},"excerpt":{"rendered":"<p>Oracle Cloud Infrastructure Oracle Cloud es una plataforma de servicios en la nube que ofrece soluciones completas para infraestructura, datos,<span class=\"more-dots\">&#8230;<\/span><\/p>\n","protected":false},"author":1,"featured_media":0,"parent":0,"menu_order":0,"comment_status":"closed","ping_status":"closed","template":"","meta":{"footnotes":""},"class_list":["post-76","page","type-page","status-publish","hentry","no-post-thumbnail"],"_links":{"self":[{"href":"https:\/\/gigatechcloud.es\/index.php\/wp-json\/wp\/v2\/pages\/76","targetHints":{"allow":["GET"]}}],"collection":[{"href":"https:\/\/gigatechcloud.es\/index.php\/wp-json\/wp\/v2\/pages"}],"about":[{"href":"https:\/\/gigatechcloud.es\/index.php\/wp-json\/wp\/v2\/types\/page"}],"author":[{"embeddable":true,"href":"https:\/\/gigatechcloud.es\/index.php\/wp-json\/wp\/v2\/users\/1"}],"replies":[{"embeddable":true,"href":"https:\/\/gigatechcloud.es\/index.php\/wp-json\/wp\/v2\/comments?post=76"}],"version-history":[{"count":3,"href":"https:\/\/gigatechcloud.es\/index.php\/wp-json\/wp\/v2\/pages\/76\/revisions"}],"predecessor-version":[{"id":83,"href":"https:\/\/gigatechcloud.es\/index.php\/wp-json\/wp\/v2\/pages\/76\/revisions\/83"}],"wp:attachment":[{"href":"https:\/\/gigatechcloud.es\/index.php\/wp-json\/wp\/v2\/media?parent=76"}],"curies":[{"name":"wp","href":"https:\/\/api.w.org\/{rel}","templated":true}]}}