{"id":9,"date":"2024-11-02T12:40:47","date_gmt":"2024-11-02T12:40:47","guid":{"rendered":"https:\/\/gigatechcloud.es\/?page_id=9"},"modified":"2024-12-11T08:59:23","modified_gmt":"2024-12-11T08:59:23","slug":"home","status":"publish","type":"page","link":"https:\/\/gigatechcloud.es\/","title":{"rendered":"Home"},"content":{"rendered":"\n<figure class=\"wp-block-image size-large is-resized\"><img loading=\"lazy\" decoding=\"async\" width=\"1024\" height=\"481\" src=\"https:\/\/gigatechcloud.es\/wp-content\/uploads\/2024\/11\/gcs-blanco-1024x481.jpg\" alt=\"\" class=\"wp-image-16\" style=\"width:1138px;height:auto\" srcset=\"https:\/\/gigatechcloud.es\/wp-content\/uploads\/2024\/11\/gcs-blanco-1024x481.jpg 1024w, https:\/\/gigatechcloud.es\/wp-content\/uploads\/2024\/11\/gcs-blanco-300x141.jpg 300w, https:\/\/gigatechcloud.es\/wp-content\/uploads\/2024\/11\/gcs-blanco-768x360.jpg 768w, https:\/\/gigatechcloud.es\/wp-content\/uploads\/2024\/11\/gcs-blanco-1536x721.jpg 1536w, https:\/\/gigatechcloud.es\/wp-content\/uploads\/2024\/11\/gcs-blanco-2048x961.jpg 2048w, https:\/\/gigatechcloud.es\/wp-content\/uploads\/2024\/11\/gcs-blanco-1140x535.jpg 1140w\" sizes=\"auto, (max-width: 1024px) 100vw, 1024px\" \/><\/figure>\n\n\n\n<p><\/p>\n\n\n\n<p><\/p>\n\n\n\n<div class=\"wp-block-columns is-layout-flex wp-container-core-columns-is-layout-9d6595d7 wp-block-columns-is-layout-flex\">\n<div class=\"wp-block-column is-layout-flow wp-block-column-is-layout-flow\">\n<div class=\"wp-block-columns is-not-stacked-on-mobile gap-15 is-layout-flex wp-container-core-columns-is-layout-9d6595d7 wp-block-columns-is-layout-flex\">\n<div class=\"wp-block-column is-layout-flow wp-block-column-is-layout-flow\" style=\"flex-basis:40px\">\n<figure class=\"wp-block-image size-full\"><img decoding=\"async\" src=\"https:\/\/gigatechcloud.es\/wp-content\/themes\/exs-logistics\/assets\/img\/inventory.png\" alt=\"\" class=\"wp-image-338\"\/><\/figure>\n<\/div>\n\n\n\n<div class=\"wp-block-column is-layout-flow wp-block-column-is-layout-flow\">\n<h5 class=\"wp-block-heading\" style=\"margin-bottom:0.5em\">Migraciones y Actualizaciones<\/h5>\n\n\n\n<p class=\"mb-05\">Facilitamos el proceso de migraci\u00f3n y actualizaci\u00f3n de sus bases de datos Oracle a nuevas versiones o entornos, siempre garantizando una transici\u00f3n fluida y segura para minimizar cualquier impacto en su negocio.<\/p>\n<\/div>\n<\/div>\n<\/div>\n\n\n\n<div class=\"wp-block-column is-layout-flow wp-block-column-is-layout-flow\">\n<div class=\"wp-block-columns is-not-stacked-on-mobile gap-15 is-layout-flex wp-container-core-columns-is-layout-9d6595d7 wp-block-columns-is-layout-flex\">\n<div class=\"wp-block-column is-layout-flow wp-block-column-is-layout-flow\" style=\"flex-basis:40px\">\n<figure class=\"wp-block-image size-full\"><img decoding=\"async\" src=\"https:\/\/gigatechcloud.es\/wp-content\/themes\/exs-logistics\/assets\/img\/local.png\" alt=\"\" class=\"wp-image-339\"\/><\/figure>\n<\/div>\n\n\n\n<div class=\"wp-block-column is-layout-flow wp-block-column-is-layout-flow\">\n<h5 class=\"wp-block-heading\" style=\"margin-bottom:0.5em\"><strong>Monitoreo y Mantenimiento Proactivo<\/strong><\/h5>\n\n\n\n<p class=\"mb-05\">Monitorize en tiempo real el rendimiento de su base de datos, anticipando y resolviendo problemas antes de que afecten sus operaciones. Nos aseguramos de mantener sus sistemas funcionando de manera \u00f3ptima las 24\/7.<\/p>\n<\/div>\n<\/div>\n<\/div>\n\n\n\n<div class=\"wp-block-column is-layout-flow wp-block-column-is-layout-flow\">\n<div class=\"wp-block-columns is-not-stacked-on-mobile gap-15 is-layout-flex wp-container-core-columns-is-layout-9d6595d7 wp-block-columns-is-layout-flex\">\n<div class=\"wp-block-column is-layout-flow wp-block-column-is-layout-flow\" style=\"flex-basis:40px\">\n<figure class=\"wp-block-image size-full\"><img decoding=\"async\" src=\"https:\/\/gigatechcloud.es\/wp-content\/themes\/exs-logistics\/assets\/img\/travel.png\" alt=\"\" class=\"wp-image-343\"\/><\/figure>\n<\/div>\n\n\n\n<div class=\"wp-block-column is-layout-flow wp-block-column-is-layout-flow\">\n<h5 class=\"wp-block-heading\" style=\"margin-bottom:0.5em\"><strong>Consultor\u00eda Personalizada<\/strong><\/h5>\n\n\n\n<p class=\"mb-05\">Ofrecemos asesoramiento experto, ayud\u00e1ndolo a definir una estrategia de administraci\u00f3n de datos que se alinee con sus objetivos de negocio. Trabajamos estrechamente con su equipo para implementar pr\u00e1cticas de administraci\u00f3n eficaces y sostenibles.<\/p>\n<\/div>\n<\/div>\n<\/div>\n<\/div>\n\n\n\n<div style=\"height:70px\" aria-hidden=\"true\" class=\"wp-block-spacer\"><\/div>\n\n\n\n<div class=\"wp-block-group alignfull has-background is-layout-constrained wp-container-core-group-is-layout-52a3ef6f wp-block-group-is-layout-constrained\" style=\"background:linear-gradient(134deg,rgb(2,66,105) 0%,rgb(88,166,225) 100%);padding-top:var(--wp--preset--spacing--80);padding-bottom:var(--wp--preset--spacing--80)\">\n<h2 class=\"wp-block-heading has-text-align-center has-text-color has-link-color has-xl-font-size wp-elements-809d3e52fd3cfec739fd25a92961cdea\" style=\"color:#ffffff;margin-bottom:var(--wp--preset--spacing--60)\"><strong>Optimizaci\u00f3n y Gesti\u00f3n Experta en Bases de Datos Oracle<\/strong><\/h2>\n\n\n\n<div class=\"wp-block-columns is-layout-flex wp-container-core-columns-is-layout-9d6595d7 wp-block-columns-is-layout-flex\">\n<div class=\"wp-block-column is-layout-flow wp-block-column-is-layout-flow\">\n<div class=\"wp-block-group has-light-background-color has-background is-layout-constrained wp-block-group-is-layout-constrained\" style=\"border-radius:8px\">\n<h2 class=\"wp-block-heading has-text-align-center\">Seguridad y Protecci\u00f3n de Datos<\/h2>\n\n\n\n<hr class=\"wp-block-separator aligncenter has-text-color has-main-color has-alpha-channel-opacity has-main-background-color has-background mt-2 mb-2 h-3\"\/>\n\n\n\n<p class=\"has-text-align-center\" style=\"margin-top:0;margin-bottom:0\">Sabemos que sus datos son el coraz\u00f3n de su negocio. Contamos con un equipo de administradores certificados en Oracle con a\u00f1os de experiencia en el manejo de entornos de bases de datos complejos.<\/p>\n<\/div>\n<\/div>\n\n\n\n<div class=\"wp-block-column is-layout-flow wp-block-column-is-layout-flow\">\n<div class=\"wp-block-group has-light-background-color has-background is-layout-constrained wp-block-group-is-layout-constrained\" style=\"border-radius:8px\">\n<h2 class=\"wp-block-heading has-text-align-center\"><strong>Consultor\u00eda de Bases de Datos Oracle<\/strong><\/h2>\n\n\n\n<hr class=\"wp-block-separator aligncenter has-text-color has-main-color has-alpha-channel-opacity has-main-background-color has-background mt-2 mb-2 h-3\"\/>\n\n\n\n<p class=\"has-text-align-center\" style=\"margin-top:0;margin-bottom:0\">Ofrecemos una amplia gama de servicios que abarcan desde la implementaci\u00f3n y optimizaci\u00f3n de bases de datos hasta la actualizaci\u00f3n y migraci\u00f3n de sistemas. Nuestro objetivo es asegurar que cada cliente cuente con una infraestructura confiable y de alto rendimiento.<\/p>\n<\/div>\n<\/div>\n\n\n\n<div class=\"wp-block-column is-layout-flow wp-block-column-is-layout-flow\">\n<div class=\"wp-block-group has-light-background-color has-background is-layout-constrained wp-block-group-is-layout-constrained\" style=\"border-radius:8px\">\n<h2 class=\"wp-block-heading has-text-align-center\">Respaldo y recuperaci\u00f3n de Datos<\/h2>\n\n\n\n<hr class=\"wp-block-separator aligncenter has-text-color has-main-color has-alpha-channel-opacity has-main-background-color has-background mt-2 mb-2 h-3\"\/>\n\n\n\n<p class=\"has-text-align-center\" style=\"margin-top:0;margin-bottom:0\">Desarrollamos e implementamos planes de respaldo y recuperaci\u00f3n que garantizan la integridad de su informaci\u00f3n, mitigando riesgos y asegurando la continuidad de sus operaciones.<br><\/p>\n<\/div>\n<\/div>\n<\/div>\n<\/div>\n\n\n\n<div style=\"height:70px\" aria-hidden=\"true\" class=\"wp-block-spacer\"><\/div>\n\n\n\n<div class=\"wp-block-media-text alignwide is-stacked-on-mobile is-style-text-overlap\"><figure class=\"wp-block-media-text__media\"><img loading=\"lazy\" decoding=\"async\" width=\"1024\" height=\"684\" src=\"https:\/\/gigatechcloud.es\/wp-content\/uploads\/2024\/11\/pexels-cookiecutter-17489160-1024x684.jpg\" alt=\"\" class=\"wp-image-51 size-exs-square\" srcset=\"https:\/\/gigatechcloud.es\/wp-content\/uploads\/2024\/11\/pexels-cookiecutter-17489160-1024x684.jpg 1024w, https:\/\/gigatechcloud.es\/wp-content\/uploads\/2024\/11\/pexels-cookiecutter-17489160-300x200.jpg 300w, https:\/\/gigatechcloud.es\/wp-content\/uploads\/2024\/11\/pexels-cookiecutter-17489160-768x513.jpg 768w, https:\/\/gigatechcloud.es\/wp-content\/uploads\/2024\/11\/pexels-cookiecutter-17489160-1536x1025.jpg 1536w, https:\/\/gigatechcloud.es\/wp-content\/uploads\/2024\/11\/pexels-cookiecutter-17489160-2048x1367.jpg 2048w, https:\/\/gigatechcloud.es\/wp-content\/uploads\/2024\/11\/pexels-cookiecutter-17489160-1140x761.jpg 1140w\" sizes=\"auto, (max-width: 1024px) 100vw, 1024px\" \/><\/figure><div class=\"wp-block-media-text__content\">\n<div class=\"wp-block-columns is-not-stacked-on-mobile gap-15 is-layout-flex wp-container-core-columns-is-layout-9d6595d7 wp-block-columns-is-layout-flex\">\n<div class=\"wp-block-column is-layout-flow wp-block-column-is-layout-flow\" style=\"flex-basis:80px\">\n<figure class=\"wp-block-image size-full\"><img decoding=\"async\" src=\"https:\/\/gigatechcloud.es\/wp-content\/themes\/exs\/assets\/img\/person.png\" alt=\"\" class=\"wp-image-18\"\/><\/figure>\n<\/div>\n\n\n\n<div class=\"wp-block-column is-layout-flow wp-block-column-is-layout-flow\">\n<h4 class=\"wp-block-heading\" style=\"margin-bottom:0em\">Nuestra filosof\u00eda de trabajo<\/h4>\n\n\n\n<p><\/p>\n\n\n\n<p><em>Cada proyecto que emprendemos est\u00e1 respaldado por un equipo altamente cualificado, comprometido con la entrega de soluciones de calidad. Nos esforzamos por superar las expectativas de nuestros clientes, ofreciendo un servicio eficiente.  Creemos que el \u00e9xito se logra a trav\u00e9s de una atenci\u00f3n minuciosa y una comunicaci\u00f3n constante, creando relaciones a largo plazo basadas en la confianza y el respeto.<\/em><\/p>\n\n\n\n<figure class=\"wp-block-image size-full is-resized mb-0\"><img decoding=\"async\" src=\"https:\/\/gigatechcloud.es\/wp-content\/themes\/exs\/assets\/img\/star-rating.png\" alt=\"\" class=\"wp-image-1648\" style=\"width:170px;height:38px\"\/><\/figure>\n<\/div>\n<\/div>\n<\/div><\/div>\n\n\n\n<div style=\"height:70px\" aria-hidden=\"true\" class=\"wp-block-spacer\"><\/div>\n\n\n\n<div class=\"wp-block-group  pb-2 pt-4 is-layout-flow wp-block-group-is-layout-flow\">\n<h2 class=\"wp-block-heading has-text-align-center mb-05 has-xl-font-size\">Nuestros pilares<\/h2>\n\n\n\n<p class=\"has-text-align-center has-normal-font-size\">&#8220;Combinar nuestra experiencia y tus necesidades para obtener los mejores resultados.&#8221;<\/p>\n\n\n\n<hr class=\"wp-block-separator has-css-opacity center mt-2\"\/>\n<\/div>\n\n\n\n<div class=\"wp-block-columns is-layout-flex wp-container-core-columns-is-layout-9d6595d7 wp-block-columns-is-layout-flex\">\n<div class=\"wp-block-column is-layout-flow wp-block-column-is-layout-flow\">\n<h2 class=\"wp-block-heading is-style-circle-bg has-huge-font-size\"><mark style=\"background-color:var(--colorMain)\" class=\"has-inline-color has-light-color\">1<\/mark><\/h2>\n\n\n\n<h5 class=\"wp-block-heading\" style=\"margin-top:1px;margin-bottom:15px\">Experiencia<\/h5>\n\n\n\n<p>M\u00e1s de 20 a\u00f1os ofreciendo soluciones tecnol\u00f3gicas de alta calidad a empresas de diferentes sectores.<\/p>\n<\/div>\n\n\n\n<div class=\"wp-block-column is-layout-flow wp-block-column-is-layout-flow\">\n<h2 class=\"wp-block-heading is-style-circle-bg has-huge-font-size\"><mark style=\"background-color:var(--colorMain)\" class=\"has-inline-color has-light-color\">2<\/mark><\/h2>\n\n\n\n<h5 class=\"wp-block-heading\" style=\"margin-top:1px;margin-bottom:15px\">Especializaci\u00f3n<\/h5>\n\n\n\n<p>Expertos en la administraci\u00f3n de bases de datos Oracle, con un enfoque en optimizaci\u00f3n, migraci\u00f3n y soporte.<\/p>\n<\/div>\n\n\n\n<div class=\"wp-block-column is-layout-flow wp-block-column-is-layout-flow\">\n<h2 class=\"wp-block-heading is-style-circle-bg has-huge-font-size\"><mark style=\"background-color:var(--colorMain)\" class=\"has-inline-color has-light-color\">3<\/mark><\/h2>\n\n\n\n<h5 class=\"wp-block-heading\" style=\"margin-top:1px;margin-bottom:15px\">Innovaci\u00f3n<\/h5>\n\n\n\n<p>Nos mantenemos a la vanguardia de las tecnolog\u00edas para implementar las soluciones m\u00e1s avanzadas y personalizadas.<\/p>\n<\/div>\n\n\n\n<div class=\"wp-block-column is-layout-flow wp-block-column-is-layout-flow\">\n<h2 class=\"wp-block-heading is-style-circle-bg has-huge-font-size\"><mark style=\"background-color:var(--colorMain)\" class=\"has-inline-color has-light-color\">4<\/mark><\/h2>\n\n\n\n<h5 class=\"wp-block-heading\" style=\"margin-top:1px;margin-bottom:15px\">Compromiso<\/h5>\n\n\n\n<p>Trabajamos junto a nuestros clientes para crear soluciones a medida, maximizando resultados mediante una colaboraci\u00f3n constante y adaptada a sus necesidades.<\/p>\n<\/div>\n<\/div>\n\n\n\n<div style=\"height:50px\" aria-hidden=\"true\" class=\"wp-block-spacer\"><\/div>\n\n\n\n<div class=\"wp-block-group alignfull has-light-background-color has-background is-layout-constrained wp-container-core-group-is-layout-301a416d wp-block-group-is-layout-constrained\" style=\"padding-top:var(--wp--preset--spacing--80);padding-right:var(--wp--preset--spacing--60);padding-bottom:var(--wp--preset--spacing--80);padding-left:var(--wp--preset--spacing--60)\">\n<h2 class=\"wp-block-heading has-text-align-center\" style=\"margin-top:var(--wp--preset--spacing--20);margin-bottom:var(--wp--preset--spacing--60)\"><\/h2>\n<\/div>\n","protected":false},"excerpt":{"rendered":"<p>Migraciones y Actualizaciones Facilitamos el proceso de migraci\u00f3n y actualizaci\u00f3n de sus bases de datos Oracle a nuevas versiones o<span class=\"more-dots\">&#8230;<\/span><\/p>\n","protected":false},"author":1,"featured_media":16,"parent":0,"menu_order":0,"comment_status":"closed","ping_status":"closed","template":"page-templates\/no-sidebar-no-title.php","meta":{"footnotes":""},"class_list":["post-9","page","type-page","status-publish","has-post-thumbnail","hentry"],"_links":{"self":[{"href":"https:\/\/gigatechcloud.es\/index.php\/wp-json\/wp\/v2\/pages\/9","targetHints":{"allow":["GET"]}}],"collection":[{"href":"https:\/\/gigatechcloud.es\/index.php\/wp-json\/wp\/v2\/pages"}],"about":[{"href":"https:\/\/gigatechcloud.es\/index.php\/wp-json\/wp\/v2\/types\/page"}],"author":[{"embeddable":true,"href":"https:\/\/gigatechcloud.es\/index.php\/wp-json\/wp\/v2\/users\/1"}],"replies":[{"embeddable":true,"href":"https:\/\/gigatechcloud.es\/index.php\/wp-json\/wp\/v2\/comments?post=9"}],"version-history":[{"count":18,"href":"https:\/\/gigatechcloud.es\/index.php\/wp-json\/wp\/v2\/pages\/9\/revisions"}],"predecessor-version":[{"id":121,"href":"https:\/\/gigatechcloud.es\/index.php\/wp-json\/wp\/v2\/pages\/9\/revisions\/121"}],"wp:featuredmedia":[{"embeddable":true,"href":"https:\/\/gigatechcloud.es\/index.php\/wp-json\/wp\/v2\/media\/16"}],"wp:attachment":[{"href":"https:\/\/gigatechcloud.es\/index.php\/wp-json\/wp\/v2\/media?parent=9"}],"curies":[{"name":"wp","href":"https:\/\/api.w.org\/{rel}","templated":true}]}}